{"id":23,"date":"2026-03-08T09:00:05","date_gmt":"2026-03-08T09:00:05","guid":{"rendered":"https:\/\/www.klosterkirche-frauenaurach.de\/?page_id=23"},"modified":"2026-03-08T09:00:05","modified_gmt":"2026-03-08T09:00:05","slug":"geschichte-der-klosterkirche-frauenaurach","status":"publish","type":"page","link":"https:\/\/www.klosterkirche-frauenaurach.de\/index.php\/geschichte-der-klosterkirche-frauenaurach\/","title":{"rendered":"Geschichte der Klosterkirche Frauenaurach"},"content":{"rendered":"\n<p>In ihrem jetzigen Zustand ist die Frauenauracher Kirche ein beachtliches Beispiel protestantischen l\u00e4ndlichen Barocks. Sie ist dar\u00fcber hinaus interessant als Zeugin einer 700 j\u00e4hrigen Geschichte als \u201csteinerne Urkunde\u201d mit Baustilen der Romanik, Gotik und des Barock (nach Prof. E. Kutsch). Heute ist die Kirche, zusammen mit der kleineren, aber genauso alten Kirche in Kriegenbrunn, zentraler Treffpunkt einer Kirchengemeinde mit fast 3000 Gemeindemitgliedern.<\/p>\n\n\n\n<p><strong>1267<\/strong> Gr\u00fcndung eines Frauenklosters<br><strong>1320<\/strong> Steinplastik der Maria mit dem Jesuskind ( heute neben dem Altar)<br><strong>1525<\/strong> Flucht des Klosterkonvents nach N\u00fcrnberg, Pl\u00fcnderung im Bauernkrieg<br><strong>1531<\/strong> Einzug der lutherischen Lehre nach Frauenaurach<br><strong>1553<\/strong> Zerst\u00f6rung der Kirche im 3. Markgrafenkrieg. Nur die Au\u00dfenmauern beiben stehen<br><strong>1588<\/strong> Wiederaufbau der Kirche &#8211; Einbau der Getreideb\u00f6den ins Kirchendach, Aufbau eines Glockenturms<br><strong>1665<\/strong> Wiederherstellung der Kirchen im barocken Charakter beginnt<br><strong>1667<\/strong> Einbau der Emporen<br><strong>1691 &#8211; 1700 <\/strong>Erg\u00e4nzung der Inneneinrichtung: Altar, Taufstein, Kanzel<br><strong>1704<\/strong> Errichtung der Sakristei<br><strong>1707- 1717 <\/strong>Vollendung des Glockenturms<br><strong>1898<\/strong> Bau des Treppenturms<br><strong>1959<\/strong> Letzte Renovierung der Kirche<br><strong>2001<\/strong> Gr\u00fcndung des F\u00f6rdervereins Kirche Frauenaurach zur Erhaltung der Kirche<\/p>\n","protected":false},"excerpt":{"rendered":"<p>In ihrem jetzigen Zustand ist die Frauenauracher Kirche ein beachtliches Beispiel protestantischen l\u00e4ndlichen Barocks. Sie ist dar\u00fcber hinaus interessant als Zeugin einer 700 j\u00e4hrigen Geschichte als \u201csteinerne Urkunde\u201d mit Baustilen der Romanik, Gotik und des Barock (nach Prof. E. Kutsch). Heute ist die Kirche, zusammen mit der kleineren, aber genauso alten Kirche in Kriegenbrunn, zentraler &hellip; <\/p>\n<p class=\"link-more\"><a href=\"https:\/\/www.klosterkirche-frauenaurach.de\/index.php\/geschichte-der-klosterkirche-frauenaurach\/\" class=\"more-link\"><span class=\"screen-reader-text\">\u201eGeschichte der Klosterkirche Frauenaurach\u201c <\/span>weiterlesen<\/a><\/p>\n","protected":false},"author":1,"featured_media":0,"parent":0,"menu_order":0,"comment_status":"closed","ping_status":"closed","template":"","meta":{"footnotes":""},"class_list":["post-23","page","type-page","status-publish","hentry"],"yoast_head":"<!-- This site is optimized with the Yoast SEO plugin v27.4 - https:\/\/yoast.com\/product\/yoast-seo-wordpress\/ -->\n<title>Geschichte der Klosterkirche Frauenaurach - F\u00f6rderverein Klosterkirche Frauenaurach e.V.<\/title>\n<meta name=\"robots\" content=\"index, follow, max-snippet:-1, max-image-preview:large, max-video-preview:-1\" \/>\n<link rel=\"canonical\" href=\"https:\/\/www.klosterkirche-frauenaurach.de\/index.php\/geschichte-der-klosterkirche-frauenaurach\/\" \/>\n<meta property=\"og:locale\" content=\"de_DE\" \/>\n<meta property=\"og:type\" content=\"article\" \/>\n<meta property=\"og:title\" content=\"Geschichte der Klosterkirche Frauenaurach - F\u00f6rderverein Klosterkirche Frauenaurach e.V.\" \/>\n<meta property=\"og:description\" content=\"In ihrem jetzigen Zustand ist die Frauenauracher Kirche ein beachtliches Beispiel protestantischen l\u00e4ndlichen Barocks. Sie ist dar\u00fcber hinaus interessant als Zeugin einer 700 j\u00e4hrigen Geschichte als \u201csteinerne Urkunde\u201d mit Baustilen der Romanik, Gotik und des Barock (nach Prof. E. Kutsch). Heute ist die Kirche, zusammen mit der kleineren, aber genauso alten Kirche in Kriegenbrunn, zentraler &hellip; \u201eGeschichte der Klosterkirche Frauenaurach\u201c weiterlesen\" \/>\n<meta property=\"og:url\" content=\"https:\/\/www.klosterkirche-frauenaurach.de\/index.php\/geschichte-der-klosterkirche-frauenaurach\/\" \/>\n<meta property=\"og:site_name\" content=\"F\u00f6rderverein Klosterkirche Frauenaurach e.V.\" \/>\n<meta name=\"twitter:card\" content=\"summary_large_image\" \/>\n<meta name=\"twitter:label1\" content=\"Gesch\u00e4tzte Lesezeit\" \/>\n\t<meta name=\"twitter:data1\" content=\"1\u00a0Minute\" \/>\n<script type=\"application\/ld+json\" class=\"yoast-schema-graph\">{\"@context\":\"https:\\\/\\\/schema.org\",\"@graph\":[{\"@type\":\"WebPage\",\"@id\":\"https:\\\/\\\/www.klosterkirche-frauenaurach.de\\\/index.php\\\/geschichte-der-klosterkirche-frauenaurach\\\/\",\"url\":\"https:\\\/\\\/www.klosterkirche-frauenaurach.de\\\/index.php\\\/geschichte-der-klosterkirche-frauenaurach\\\/\",\"name\":\"Geschichte der Klosterkirche Frauenaurach - F\u00f6rderverein Klosterkirche Frauenaurach e.V.\",\"isPartOf\":{\"@id\":\"https:\\\/\\\/www.klosterkirche-frauenaurach.de\\\/#website\"},\"datePublished\":\"2026-03-08T09:00:05+00:00\",\"breadcrumb\":{\"@id\":\"https:\\\/\\\/www.klosterkirche-frauenaurach.de\\\/index.php\\\/geschichte-der-klosterkirche-frauenaurach\\\/#breadcrumb\"},\"inLanguage\":\"de\",\"potentialAction\":[{\"@type\":\"ReadAction\",\"target\":[\"https:\\\/\\\/www.klosterkirche-frauenaurach.de\\\/index.php\\\/geschichte-der-klosterkirche-frauenaurach\\\/\"]}]},{\"@type\":\"BreadcrumbList\",\"@id\":\"https:\\\/\\\/www.klosterkirche-frauenaurach.de\\\/index.php\\\/geschichte-der-klosterkirche-frauenaurach\\\/#breadcrumb\",\"itemListElement\":[{\"@type\":\"ListItem\",\"position\":1,\"name\":\"Start\",\"item\":\"https:\\\/\\\/www.klosterkirche-frauenaurach.de\\\/\"},{\"@type\":\"ListItem\",\"position\":2,\"name\":\"Geschichte der Klosterkirche Frauenaurach\"}]},{\"@type\":\"WebSite\",\"@id\":\"https:\\\/\\\/www.klosterkirche-frauenaurach.de\\\/#website\",\"url\":\"https:\\\/\\\/www.klosterkirche-frauenaurach.de\\\/\",\"name\":\"F\u00f6rderverein Klosterkirche Frauenaurach e.V.\",\"description\":\"\",\"potentialAction\":[{\"@type\":\"SearchAction\",\"target\":{\"@type\":\"EntryPoint\",\"urlTemplate\":\"https:\\\/\\\/www.klosterkirche-frauenaurach.de\\\/?s={search_term_string}\"},\"query-input\":{\"@type\":\"PropertyValueSpecification\",\"valueRequired\":true,\"valueName\":\"search_term_string\"}}],\"inLanguage\":\"de\"}]}<\/script>\n<!-- \/ Yoast SEO plugin. -->","yoast_head_json":{"title":"Geschichte der Klosterkirche Frauenaurach - F\u00f6rderverein Klosterkirche Frauenaurach e.V.","robots":{"index":"index","follow":"follow","max-snippet":"max-snippet:-1","max-image-preview":"max-image-preview:large","max-video-preview":"max-video-preview:-1"},"canonical":"https:\/\/www.klosterkirche-frauenaurach.de\/index.php\/geschichte-der-klosterkirche-frauenaurach\/","og_locale":"de_DE","og_type":"article","og_title":"Geschichte der Klosterkirche Frauenaurach - F\u00f6rderverein Klosterkirche Frauenaurach e.V.","og_description":"In ihrem jetzigen Zustand ist die Frauenauracher Kirche ein beachtliches Beispiel protestantischen l\u00e4ndlichen Barocks. Sie ist dar\u00fcber hinaus interessant als Zeugin einer 700 j\u00e4hrigen Geschichte als \u201csteinerne Urkunde\u201d mit Baustilen der Romanik, Gotik und des Barock (nach Prof. E. Kutsch). Heute ist die Kirche, zusammen mit der kleineren, aber genauso alten Kirche in Kriegenbrunn, zentraler &hellip; \u201eGeschichte der Klosterkirche Frauenaurach\u201c weiterlesen","og_url":"https:\/\/www.klosterkirche-frauenaurach.de\/index.php\/geschichte-der-klosterkirche-frauenaurach\/","og_site_name":"F\u00f6rderverein Klosterkirche Frauenaurach e.V.","twitter_card":"summary_large_image","twitter_misc":{"Gesch\u00e4tzte Lesezeit":"1\u00a0Minute"},"schema":{"@context":"https:\/\/schema.org","@graph":[{"@type":"WebPage","@id":"https:\/\/www.klosterkirche-frauenaurach.de\/index.php\/geschichte-der-klosterkirche-frauenaurach\/","url":"https:\/\/www.klosterkirche-frauenaurach.de\/index.php\/geschichte-der-klosterkirche-frauenaurach\/","name":"Geschichte der Klosterkirche Frauenaurach - F\u00f6rderverein Klosterkirche Frauenaurach e.V.","isPartOf":{"@id":"https:\/\/www.klosterkirche-frauenaurach.de\/#website"},"datePublished":"2026-03-08T09:00:05+00:00","breadcrumb":{"@id":"https:\/\/www.klosterkirche-frauenaurach.de\/index.php\/geschichte-der-klosterkirche-frauenaurach\/#breadcrumb"},"inLanguage":"de","potentialAction":[{"@type":"ReadAction","target":["https:\/\/www.klosterkirche-frauenaurach.de\/index.php\/geschichte-der-klosterkirche-frauenaurach\/"]}]},{"@type":"BreadcrumbList","@id":"https:\/\/www.klosterkirche-frauenaurach.de\/index.php\/geschichte-der-klosterkirche-frauenaurach\/#breadcrumb","itemListElement":[{"@type":"ListItem","position":1,"name":"Start","item":"https:\/\/www.klosterkirche-frauenaurach.de\/"},{"@type":"ListItem","position":2,"name":"Geschichte der Klosterkirche Frauenaurach"}]},{"@type":"WebSite","@id":"https:\/\/www.klosterkirche-frauenaurach.de\/#website","url":"https:\/\/www.klosterkirche-frauenaurach.de\/","name":"F\u00f6rderverein Klosterkirche Frauenaurach e.V.","description":"","potentialAction":[{"@type":"SearchAction","target":{"@type":"EntryPoint","urlTemplate":"https:\/\/www.klosterkirche-frauenaurach.de\/?s={search_term_string}"},"query-input":{"@type":"PropertyValueSpecification","valueRequired":true,"valueName":"search_term_string"}}],"inLanguage":"de"}]}},"_links":{"self":[{"href":"https:\/\/www.klosterkirche-frauenaurach.de\/index.php\/wp-json\/wp\/v2\/pages\/23","targetHints":{"allow":["GET"]}}],"collection":[{"href":"https:\/\/www.klosterkirche-frauenaurach.de\/index.php\/wp-json\/wp\/v2\/pages"}],"about":[{"href":"https:\/\/www.klosterkirche-frauenaurach.de\/index.php\/wp-json\/wp\/v2\/types\/page"}],"author":[{"embeddable":true,"href":"https:\/\/www.klosterkirche-frauenaurach.de\/index.php\/wp-json\/wp\/v2\/users\/1"}],"replies":[{"embeddable":true,"href":"https:\/\/www.klosterkirche-frauenaurach.de\/index.php\/wp-json\/wp\/v2\/comments?post=23"}],"version-history":[{"count":1,"href":"https:\/\/www.klosterkirche-frauenaurach.de\/index.php\/wp-json\/wp\/v2\/pages\/23\/revisions"}],"predecessor-version":[{"id":24,"href":"https:\/\/www.klosterkirche-frauenaurach.de\/index.php\/wp-json\/wp\/v2\/pages\/23\/revisions\/24"}],"wp:attachment":[{"href":"https:\/\/www.klosterkirche-frauenaurach.de\/index.php\/wp-json\/wp\/v2\/media?parent=23"}],"curies":[{"name":"wp","href":"https:\/\/api.w.org\/{rel}","templated":true}]}}