{"id":30,"date":"2026-03-23T18:38:39","date_gmt":"2026-03-23T18:38:39","guid":{"rendered":"https:\/\/www.klosterkirche-frauenaurach.de\/?page_id=30"},"modified":"2026-03-23T18:39:39","modified_gmt":"2026-03-23T18:39:39","slug":"mitglied-werden","status":"publish","type":"page","link":"https:\/\/www.klosterkirche-frauenaurach.de\/index.php\/mitglied-werden\/","title":{"rendered":"Mitglied werden"},"content":{"rendered":"\n<p>Werden auch Sie Mitglied in unserem gemeinn\u00fctzigen Verein. Wir sind weder konfessionell noch parteipolitisch gebunden.<\/p>\n\n\n\n<p>Wenn Sie sich in Frauenaurach zu Hause f\u00fchlen oder eine sonstige Bindung an unseren Ort haben, dann wollen Sie vielleicht mithelfen, das \u00e4lteste Bauwerk dieses Ortes zu erhalten.<\/p>\n\n\n\n<p>Schon ab einem Jahresbeitrag von nur 20 Euro k\u00f6nnen Sie F\u00f6rdermitglied werden und uns damit bei den dringenden Aufgaben unterst\u00fctzen. Sie erhalten einen Kirchenf\u00fchrer, nehmen an unseren Mitgliederversammlungen teil und werden regelm\u00e4\u00dfig \u00fcber unsere aktuellen Projekte informiert.<\/p>\n\n\n\n<p>Wir arbeiten aktuell an einem neuen Formular. Sollten Sie zwischenzeitlich Interesse haben, melden Sie sich gerne per Mail bei: <a href=\"mailto:info@klosterkirche-frauenaurach.de\">info@klosterkirche-frauenaurach.de <\/a><\/p>\n","protected":false},"excerpt":{"rendered":"<p>Werden auch Sie Mitglied in unserem gemeinn\u00fctzigen Verein. Wir sind weder konfessionell noch parteipolitisch gebunden. Wenn Sie sich in Frauenaurach zu Hause f\u00fchlen oder eine sonstige Bindung an unseren Ort haben, dann wollen Sie vielleicht mithelfen, das \u00e4lteste Bauwerk dieses Ortes zu erhalten. Schon ab einem Jahresbeitrag von nur 20 Euro k\u00f6nnen Sie F\u00f6rdermitglied werden &hellip; <\/p>\n<p class=\"link-more\"><a href=\"https:\/\/www.klosterkirche-frauenaurach.de\/index.php\/mitglied-werden\/\" class=\"more-link\"><span class=\"screen-reader-text\">\u201eMitglied werden\u201c <\/span>weiterlesen<\/a><\/p>\n","protected":false},"author":1,"featured_media":0,"parent":0,"menu_order":0,"comment_status":"closed","ping_status":"closed","template":"","meta":{"footnotes":""},"class_list":["post-30","page","type-page","status-publish","hentry"],"yoast_head":"<!-- This site is optimized with the Yoast SEO plugin v27.4 - https:\/\/yoast.com\/product\/yoast-seo-wordpress\/ -->\n<title>Mitglied werden - F\u00f6rderverein Klosterkirche Frauenaurach e.V.<\/title>\n<meta name=\"robots\" content=\"index, follow, max-snippet:-1, max-image-preview:large, max-video-preview:-1\" \/>\n<link rel=\"canonical\" href=\"https:\/\/www.klosterkirche-frauenaurach.de\/index.php\/mitglied-werden\/\" \/>\n<meta property=\"og:locale\" content=\"de_DE\" \/>\n<meta property=\"og:type\" content=\"article\" \/>\n<meta property=\"og:title\" content=\"Mitglied werden - F\u00f6rderverein Klosterkirche Frauenaurach e.V.\" \/>\n<meta property=\"og:description\" content=\"Werden auch Sie Mitglied in unserem gemeinn\u00fctzigen Verein. Wir sind weder konfessionell noch parteipolitisch gebunden. Wenn Sie sich in Frauenaurach zu Hause f\u00fchlen oder eine sonstige Bindung an unseren Ort haben, dann wollen Sie vielleicht mithelfen, das \u00e4lteste Bauwerk dieses Ortes zu erhalten. Schon ab einem Jahresbeitrag von nur 20 Euro k\u00f6nnen Sie F\u00f6rdermitglied werden &hellip; \u201eMitglied werden\u201c weiterlesen\" \/>\n<meta property=\"og:url\" content=\"https:\/\/www.klosterkirche-frauenaurach.de\/index.php\/mitglied-werden\/\" \/>\n<meta property=\"og:site_name\" content=\"F\u00f6rderverein Klosterkirche Frauenaurach e.V.\" \/>\n<meta property=\"article:modified_time\" content=\"2026-03-23T18:39:39+00:00\" \/>\n<meta name=\"twitter:card\" content=\"summary_large_image\" \/>\n<meta name=\"twitter:label1\" content=\"Gesch\u00e4tzte Lesezeit\" \/>\n\t<meta name=\"twitter:data1\" content=\"1\u00a0Minute\" \/>\n<script type=\"application\/ld+json\" class=\"yoast-schema-graph\">{\"@context\":\"https:\\\/\\\/schema.org\",\"@graph\":[{\"@type\":\"WebPage\",\"@id\":\"https:\\\/\\\/www.klosterkirche-frauenaurach.de\\\/index.php\\\/mitglied-werden\\\/\",\"url\":\"https:\\\/\\\/www.klosterkirche-frauenaurach.de\\\/index.php\\\/mitglied-werden\\\/\",\"name\":\"Mitglied werden - F\u00f6rderverein Klosterkirche Frauenaurach e.V.\",\"isPartOf\":{\"@id\":\"https:\\\/\\\/www.klosterkirche-frauenaurach.de\\\/#website\"},\"datePublished\":\"2026-03-23T18:38:39+00:00\",\"dateModified\":\"2026-03-23T18:39:39+00:00\",\"breadcrumb\":{\"@id\":\"https:\\\/\\\/www.klosterkirche-frauenaurach.de\\\/index.php\\\/mitglied-werden\\\/#breadcrumb\"},\"inLanguage\":\"de\",\"potentialAction\":[{\"@type\":\"ReadAction\",\"target\":[\"https:\\\/\\\/www.klosterkirche-frauenaurach.de\\\/index.php\\\/mitglied-werden\\\/\"]}]},{\"@type\":\"BreadcrumbList\",\"@id\":\"https:\\\/\\\/www.klosterkirche-frauenaurach.de\\\/index.php\\\/mitglied-werden\\\/#breadcrumb\",\"itemListElement\":[{\"@type\":\"ListItem\",\"position\":1,\"name\":\"Start\",\"item\":\"https:\\\/\\\/www.klosterkirche-frauenaurach.de\\\/\"},{\"@type\":\"ListItem\",\"position\":2,\"name\":\"Mitglied werden\"}]},{\"@type\":\"WebSite\",\"@id\":\"https:\\\/\\\/www.klosterkirche-frauenaurach.de\\\/#website\",\"url\":\"https:\\\/\\\/www.klosterkirche-frauenaurach.de\\\/\",\"name\":\"F\u00f6rderverein Klosterkirche Frauenaurach e.V.\",\"description\":\"\",\"potentialAction\":[{\"@type\":\"SearchAction\",\"target\":{\"@type\":\"EntryPoint\",\"urlTemplate\":\"https:\\\/\\\/www.klosterkirche-frauenaurach.de\\\/?s={search_term_string}\"},\"query-input\":{\"@type\":\"PropertyValueSpecification\",\"valueRequired\":true,\"valueName\":\"search_term_string\"}}],\"inLanguage\":\"de\"}]}<\/script>\n<!-- \/ Yoast SEO plugin. -->","yoast_head_json":{"title":"Mitglied werden - F\u00f6rderverein Klosterkirche Frauenaurach e.V.","robots":{"index":"index","follow":"follow","max-snippet":"max-snippet:-1","max-image-preview":"max-image-preview:large","max-video-preview":"max-video-preview:-1"},"canonical":"https:\/\/www.klosterkirche-frauenaurach.de\/index.php\/mitglied-werden\/","og_locale":"de_DE","og_type":"article","og_title":"Mitglied werden - F\u00f6rderverein Klosterkirche Frauenaurach e.V.","og_description":"Werden auch Sie Mitglied in unserem gemeinn\u00fctzigen Verein. Wir sind weder konfessionell noch parteipolitisch gebunden. Wenn Sie sich in Frauenaurach zu Hause f\u00fchlen oder eine sonstige Bindung an unseren Ort haben, dann wollen Sie vielleicht mithelfen, das \u00e4lteste Bauwerk dieses Ortes zu erhalten. Schon ab einem Jahresbeitrag von nur 20 Euro k\u00f6nnen Sie F\u00f6rdermitglied werden &hellip; \u201eMitglied werden\u201c weiterlesen","og_url":"https:\/\/www.klosterkirche-frauenaurach.de\/index.php\/mitglied-werden\/","og_site_name":"F\u00f6rderverein Klosterkirche Frauenaurach e.V.","article_modified_time":"2026-03-23T18:39:39+00:00","twitter_card":"summary_large_image","twitter_misc":{"Gesch\u00e4tzte Lesezeit":"1\u00a0Minute"},"schema":{"@context":"https:\/\/schema.org","@graph":[{"@type":"WebPage","@id":"https:\/\/www.klosterkirche-frauenaurach.de\/index.php\/mitglied-werden\/","url":"https:\/\/www.klosterkirche-frauenaurach.de\/index.php\/mitglied-werden\/","name":"Mitglied werden - F\u00f6rderverein Klosterkirche Frauenaurach e.V.","isPartOf":{"@id":"https:\/\/www.klosterkirche-frauenaurach.de\/#website"},"datePublished":"2026-03-23T18:38:39+00:00","dateModified":"2026-03-23T18:39:39+00:00","breadcrumb":{"@id":"https:\/\/www.klosterkirche-frauenaurach.de\/index.php\/mitglied-werden\/#breadcrumb"},"inLanguage":"de","potentialAction":[{"@type":"ReadAction","target":["https:\/\/www.klosterkirche-frauenaurach.de\/index.php\/mitglied-werden\/"]}]},{"@type":"BreadcrumbList","@id":"https:\/\/www.klosterkirche-frauenaurach.de\/index.php\/mitglied-werden\/#breadcrumb","itemListElement":[{"@type":"ListItem","position":1,"name":"Start","item":"https:\/\/www.klosterkirche-frauenaurach.de\/"},{"@type":"ListItem","position":2,"name":"Mitglied werden"}]},{"@type":"WebSite","@id":"https:\/\/www.klosterkirche-frauenaurach.de\/#website","url":"https:\/\/www.klosterkirche-frauenaurach.de\/","name":"F\u00f6rderverein Klosterkirche Frauenaurach e.V.","description":"","potentialAction":[{"@type":"SearchAction","target":{"@type":"EntryPoint","urlTemplate":"https:\/\/www.klosterkirche-frauenaurach.de\/?s={search_term_string}"},"query-input":{"@type":"PropertyValueSpecification","valueRequired":true,"valueName":"search_term_string"}}],"inLanguage":"de"}]}},"_links":{"self":[{"href":"https:\/\/www.klosterkirche-frauenaurach.de\/index.php\/wp-json\/wp\/v2\/pages\/30","targetHints":{"allow":["GET"]}}],"collection":[{"href":"https:\/\/www.klosterkirche-frauenaurach.de\/index.php\/wp-json\/wp\/v2\/pages"}],"about":[{"href":"https:\/\/www.klosterkirche-frauenaurach.de\/index.php\/wp-json\/wp\/v2\/types\/page"}],"author":[{"embeddable":true,"href":"https:\/\/www.klosterkirche-frauenaurach.de\/index.php\/wp-json\/wp\/v2\/users\/1"}],"replies":[{"embeddable":true,"href":"https:\/\/www.klosterkirche-frauenaurach.de\/index.php\/wp-json\/wp\/v2\/comments?post=30"}],"version-history":[{"count":2,"href":"https:\/\/www.klosterkirche-frauenaurach.de\/index.php\/wp-json\/wp\/v2\/pages\/30\/revisions"}],"predecessor-version":[{"id":32,"href":"https:\/\/www.klosterkirche-frauenaurach.de\/index.php\/wp-json\/wp\/v2\/pages\/30\/revisions\/32"}],"wp:attachment":[{"href":"https:\/\/www.klosterkirche-frauenaurach.de\/index.php\/wp-json\/wp\/v2\/media?parent=30"}],"curies":[{"name":"wp","href":"https:\/\/api.w.org\/{rel}","templated":true}]}}